{"id":339,"date":"2021-04-28T14:24:41","date_gmt":"2021-04-28T12:24:41","guid":{"rendered":"https:\/\/www.lhg-giessen.de\/?page_id=339"},"modified":"2025-03-03T20:44:43","modified_gmt":"2025-03-03T18:44:43","slug":"senat-jlu","status":"publish","type":"page","link":"https:\/\/lhg-giessen.de\/?page_id=339","title":{"rendered":"Senat JLU"},"content":{"rendered":"\n<p>Die LHG Gie\u00dfen hat derzeit keinen Sitz im Senat der Justus-Liebig-Universit\u00e4t.<\/p>\n\n\n\n<p>Von Oktober 2023 bis September 2024 vertrat uns Ilija Scherer im h\u00f6chsten Gremium der Universit\u00e4t.<br><\/p>\n","protected":false},"excerpt":{"rendered":"<p>Die LHG Gie\u00dfen hat derzeit keinen Sitz im Senat der Justus-Liebig-Universit\u00e4t. Von Oktober 2023 bis September 2024 vertrat uns Ilija Scherer im h\u00f6chsten Gremium der Universit\u00e4t.<\/p>\n","protected":false},"author":1,"featured_media":0,"parent":0,"menu_order":0,"comment_status":"closed","ping_status":"closed","template":"","meta":{"footnotes":""},"class_list":["post-339","page","type-page","status-publish","hentry"],"_links":{"self":[{"href":"https:\/\/lhg-giessen.de\/index.php?rest_route=\/wp\/v2\/pages\/339","targetHints":{"allow":["GET"]}}],"collection":[{"href":"https:\/\/lhg-giessen.de\/index.php?rest_route=\/wp\/v2\/pages"}],"about":[{"href":"https:\/\/lhg-giessen.de\/index.php?rest_route=\/wp\/v2\/types\/page"}],"author":[{"embeddable":true,"href":"https:\/\/lhg-giessen.de\/index.php?rest_route=\/wp\/v2\/users\/1"}],"replies":[{"embeddable":true,"href":"https:\/\/lhg-giessen.de\/index.php?rest_route=%2Fwp%2Fv2%2Fcomments&post=339"}],"version-history":[{"count":1,"href":"https:\/\/lhg-giessen.de\/index.php?rest_route=\/wp\/v2\/pages\/339\/revisions"}],"predecessor-version":[{"id":579,"href":"https:\/\/lhg-giessen.de\/index.php?rest_route=\/wp\/v2\/pages\/339\/revisions\/579"}],"wp:attachment":[{"href":"https:\/\/lhg-giessen.de\/index.php?rest_route=%2Fwp%2Fv2%2Fmedia&parent=339"}],"curies":[{"name":"wp","href":"https:\/\/api.w.org\/{rel}","templated":true}]}}