{"id":334,"date":"2021-04-28T14:21:25","date_gmt":"2021-04-28T12:21:25","guid":{"rendered":"https:\/\/www.lhg-giessen.de\/?page_id=334"},"modified":"2025-04-10T20:23:11","modified_gmt":"2025-04-10T18:23:11","slug":"studierendenparlament-jluu","status":"publish","type":"page","link":"https:\/\/lhg-giessen.de\/?page_id=334","title":{"rendered":"Studierendenparlament JLU"},"content":{"rendered":"\n<p>Im 63. Studierendenparlament (Stupa) der Justus-Liebig-Universit\u00e4t sind wir nun mit drei Sitzen vertreten.<\/p>\n\n\n\n<p><strong>Die aktuellen Parlamentarier und Parlamentarierinnen der LHG Gie\u00dfen in der 63. Legislatur:<\/strong><\/p>\n\n\n\n<ol class=\"wp-block-list\">\n<li>Ilija Scherer<\/li>\n\n\n\n<li>Maximilian Frederic Winter<\/li>\n\n\n\n<li>Leon Hebeisen <br><\/li>\n<\/ol>\n\n\n\n<p>Weitere Sitze: <br>UniGr\u00fcn 14<br>Juso Hochschulgruppe 5<br>SDS 3<br>RCDS 3<\/p>\n\n\n\n<p>Die 63. Legislatur des Studierendenparlaments ist seit Oktober 2024 konstituiert.<\/p>\n","protected":false},"excerpt":{"rendered":"<p>Im 63. Studierendenparlament (Stupa) der Justus-Liebig-Universit\u00e4t sind wir nun mit drei Sitzen vertreten. Die aktuellen Parlamentarier und Parlamentarierinnen der LHG Gie\u00dfen in der 63. Legislatur: Weitere Sitze: UniGr\u00fcn 14Juso Hochschulgruppe 5SDS 3RCDS 3 Die 63. Legislatur des Studierendenparlaments ist seit Oktober 2024 konstituiert.<\/p>\n","protected":false},"author":1,"featured_media":0,"parent":0,"menu_order":0,"comment_status":"closed","ping_status":"closed","template":"","meta":{"_monsterinsights_skip_tracking":false,"_monsterinsights_sitenote_active":false,"_monsterinsights_sitenote_note":"","_monsterinsights_sitenote_category":0,"footnotes":""},"class_list":["post-334","page","type-page","status-publish","hentry"],"_links":{"self":[{"href":"https:\/\/lhg-giessen.de\/index.php?rest_route=\/wp\/v2\/pages\/334","targetHints":{"allow":["GET"]}}],"collection":[{"href":"https:\/\/lhg-giessen.de\/index.php?rest_route=\/wp\/v2\/pages"}],"about":[{"href":"https:\/\/lhg-giessen.de\/index.php?rest_route=\/wp\/v2\/types\/page"}],"author":[{"embeddable":true,"href":"https:\/\/lhg-giessen.de\/index.php?rest_route=\/wp\/v2\/users\/1"}],"replies":[{"embeddable":true,"href":"https:\/\/lhg-giessen.de\/index.php?rest_route=%2Fwp%2Fv2%2Fcomments&post=334"}],"version-history":[{"count":3,"href":"https:\/\/lhg-giessen.de\/index.php?rest_route=\/wp\/v2\/pages\/334\/revisions"}],"predecessor-version":[{"id":615,"href":"https:\/\/lhg-giessen.de\/index.php?rest_route=\/wp\/v2\/pages\/334\/revisions\/615"}],"wp:attachment":[{"href":"https:\/\/lhg-giessen.de\/index.php?rest_route=%2Fwp%2Fv2%2Fmedia&parent=334"}],"curies":[{"name":"wp","href":"https:\/\/api.w.org\/{rel}","templated":true}]}}