{"id":316,"date":"2021-04-28T13:18:55","date_gmt":"2021-04-28T11:18:55","guid":{"rendered":"https:\/\/www.lhg-giessen.de\/?page_id=316"},"modified":"2025-02-24T00:23:27","modified_gmt":"2025-02-23T22:23:27","slug":"mitglieder","status":"publish","type":"page","link":"https:\/\/lhg-giessen.de\/?page_id=316","title":{"rendered":"Mitglied werden"},"content":{"rendered":"\n<p>Mitglied der LHG Gie\u00dfen kann jeder werden, der an einer Gie\u00dfener Hochschule immatrikuliert ist und die Grunds\u00e4tze und die Satzung der LHG Gie\u00dfen anerkennt.&nbsp;<\/p>\n\n\n\n<p>Die Liberale Hochschulgruppe Gie\u00dfen ist eine bunte Mischung aus Studierenden aller Fachbereiche und allen Semestern. Diese Vielfalt macht uns stark!<\/p>\n\n\n\n<p>M\u00f6chtest du Teil unseres liberalen Teams werden? <br>Dann wende dich an\u00a0<a href=\"&#109;&#x61;i&#x6c;t&#111;&#x3a;&#105;&#x6e;f&#111;&#x40;&#108;&#x68;g&#x2d;&#x67;&#105;&#x65;s&#x73;e&#110;&#x2e;&#100;&#x65;\">&#x69;&#110;f&#x6f;&#64;&#108;&#x68;&#x67;&#45;g&#x69;&#101;s&#x73;&#x65;&#110;&#46;&#x64;&#101;<\/a> und sende uns <strong><a href=\"https:\/\/lhg-giessen.de\/wp-content\/uploads\/sites\/25\/2025\/02\/Aufnahmeantrag-LHG-Giessen.pdf\" data-type=\"link\" data-id=\"https:\/\/lhg-giessen.de\/wp-content\/uploads\/sites\/25\/2025\/02\/Aufnahmeantrag-LHG-Giessen.pdf\">dein Mitgliedsantrag! <\/a><\/strong><\/p>\n\n\n\n<p><\/p>\n","protected":false},"excerpt":{"rendered":"<p>Mitglied der LHG Gie\u00dfen kann jeder werden, der an einer Gie\u00dfener Hochschule immatrikuliert ist und die Grunds\u00e4tze und die Satzung der LHG Gie\u00dfen anerkennt.&nbsp; Die Liberale Hochschulgruppe Gie\u00dfen ist eine bunte Mischung aus Studierenden aller Fachbereiche und allen Semestern. Diese Vielfalt macht uns stark! M\u00f6chtest du Teil unseres liberalen Teams werden? Dann wende dich an\u00a0&#x69;&#x6e;&#x66;&#x6f;&#64;&#108;hg-&#x67;&#x69;&#x65;&#x73;&#115;&#101;n&#46;d&#x65; [&hellip;]<\/p>\n","protected":false},"author":1,"featured_media":0,"parent":0,"menu_order":0,"comment_status":"closed","ping_status":"closed","template":"","meta":{"_monsterinsights_skip_tracking":false,"_monsterinsights_sitenote_active":false,"_monsterinsights_sitenote_note":"","_monsterinsights_sitenote_category":0,"footnotes":""},"class_list":["post-316","page","type-page","status-publish","hentry"],"_links":{"self":[{"href":"https:\/\/lhg-giessen.de\/index.php?rest_route=\/wp\/v2\/pages\/316","targetHints":{"allow":["GET"]}}],"collection":[{"href":"https:\/\/lhg-giessen.de\/index.php?rest_route=\/wp\/v2\/pages"}],"about":[{"href":"https:\/\/lhg-giessen.de\/index.php?rest_route=\/wp\/v2\/types\/page"}],"author":[{"embeddable":true,"href":"https:\/\/lhg-giessen.de\/index.php?rest_route=\/wp\/v2\/users\/1"}],"replies":[{"embeddable":true,"href":"https:\/\/lhg-giessen.de\/index.php?rest_route=%2Fwp%2Fv2%2Fcomments&post=316"}],"version-history":[{"count":1,"href":"https:\/\/lhg-giessen.de\/index.php?rest_route=\/wp\/v2\/pages\/316\/revisions"}],"predecessor-version":[{"id":575,"href":"https:\/\/lhg-giessen.de\/index.php?rest_route=\/wp\/v2\/pages\/316\/revisions\/575"}],"wp:attachment":[{"href":"https:\/\/lhg-giessen.de\/index.php?rest_route=%2Fwp%2Fv2%2Fmedia&parent=316"}],"curies":[{"name":"wp","href":"https:\/\/api.w.org\/{rel}","templated":true}]}}