{"id":257,"date":"2017-07-01T16:57:39","date_gmt":"2017-07-01T14:57:39","guid":{"rendered":"https:\/\/www.lhg-giessen.de\/?page_id=257"},"modified":"2017-07-01T16:57:39","modified_gmt":"2017-07-01T14:57:39","slug":"ueber-uns-2","status":"publish","type":"page","link":"https:\/\/lhg-giessen.de\/?page_id=257","title":{"rendered":"\u00dcber uns"},"content":{"rendered":"\n<figure class=\"wp-block-image size-large\"><a href=\"https:\/\/lhg-giessen.de\/wp-content\/uploads\/sites\/25\/2022\/10\/Vorstand-LHG-Giessen.png\"><img loading=\"lazy\" decoding=\"async\" width=\"1024\" height=\"768\" src=\"https:\/\/lhg-giessen.de\/wp-content\/uploads\/sites\/25\/2022\/10\/Vorstand-LHG-Giessen-1024x768.png\" alt=\"\" class=\"wp-image-500\" srcset=\"https:\/\/lhg-giessen.de\/wp-content\/uploads\/sites\/25\/2022\/10\/Vorstand-LHG-Giessen-1024x768.png 1024w, https:\/\/lhg-giessen.de\/wp-content\/uploads\/sites\/25\/2022\/10\/Vorstand-LHG-Giessen-300x225.png 300w, https:\/\/lhg-giessen.de\/wp-content\/uploads\/sites\/25\/2022\/10\/Vorstand-LHG-Giessen-768x576.png 768w, https:\/\/lhg-giessen.de\/wp-content\/uploads\/sites\/25\/2022\/10\/Vorstand-LHG-Giessen-1536x1152.png 1536w, https:\/\/lhg-giessen.de\/wp-content\/uploads\/sites\/25\/2022\/10\/Vorstand-LHG-Giessen.png 1890w\" sizes=\"auto, (max-width: 1024px) 100vw, 1024px\" \/><\/a><\/figure>\n\n\n\n<p><strong><u>Pr\u00e4ambel \u2013 Liberale Hochschulgruppe Gie\u00dfen<\/u><\/strong><\/p>\n\n\n\n<p>F\u00fcr Uns als Liberale Hochschulgruppe Gie\u00dfen steht der Studierende \u2013 egal welchen Geschlechts, welcher Hautfarbe, welcher Religion \u2013 im Vordergrund. Deswegen manifestieren Wir unsere Kernaufgaben in der Chancengerechtigkeit und dem sozialen Ausgleich von Studierenden.<\/p>\n\n\n\n<p>Unsere politischen Themen gehen stets vom Individuum aus, dem ein Ort des wissenschaftlichen Lernens geschaffen werden soll, indem er frei von Einschr\u00e4nkungen seine wissenschaftliche Arbeit vollziehen kann. Ziel sollte es sein, dem Studierenden soviel Freiheit zu geben, wie es nur m\u00f6glich ist.<\/p>\n\n\n\n<p>Dies ist Unser politischer Leitfaden, dem Wir selbst gerecht werden m\u00fcssen, um jedem Studierenden die objektive M\u00f6glichkeit zu geben, aus seinem Studium das Beste zu machen.<\/p>\n","protected":false},"excerpt":{"rendered":"<p>Pr\u00e4ambel \u2013 Liberale Hochschulgruppe Gie\u00dfen F\u00fcr Uns als Liberale Hochschulgruppe Gie\u00dfen steht der Studierende \u2013 egal welchen Geschlechts, welcher Hautfarbe, welcher Religion \u2013 im Vordergrund. Deswegen manifestieren Wir unsere Kernaufgaben in der Chancengerechtigkeit und dem sozialen Ausgleich von Studierenden. Unsere politischen Themen gehen stets vom Individuum aus, dem ein Ort des wissenschaftlichen Lernens geschaffen werden [&hellip;]<\/p>\n","protected":false},"author":72,"featured_media":0,"parent":0,"menu_order":0,"comment_status":"closed","ping_status":"closed","template":"","meta":{"footnotes":""},"class_list":["post-257","page","type-page","status-publish","hentry"],"_links":{"self":[{"href":"https:\/\/lhg-giessen.de\/index.php?rest_route=\/wp\/v2\/pages\/257","targetHints":{"allow":["GET"]}}],"collection":[{"href":"https:\/\/lhg-giessen.de\/index.php?rest_route=\/wp\/v2\/pages"}],"about":[{"href":"https:\/\/lhg-giessen.de\/index.php?rest_route=\/wp\/v2\/types\/page"}],"author":[{"embeddable":true,"href":"https:\/\/lhg-giessen.de\/index.php?rest_route=\/wp\/v2\/users\/72"}],"replies":[{"embeddable":true,"href":"https:\/\/lhg-giessen.de\/index.php?rest_route=%2Fwp%2Fv2%2Fcomments&post=257"}],"version-history":[{"count":0,"href":"https:\/\/lhg-giessen.de\/index.php?rest_route=\/wp\/v2\/pages\/257\/revisions"}],"wp:attachment":[{"href":"https:\/\/lhg-giessen.de\/index.php?rest_route=%2Fwp%2Fv2%2Fmedia&parent=257"}],"curies":[{"name":"wp","href":"https:\/\/api.w.org\/{rel}","templated":true}]}}