{"id":128,"date":"2015-09-24T13:54:36","date_gmt":"2015-09-24T11:54:36","guid":{"rendered":"https:\/\/www.lhg-giessen.de\/?page_id=128"},"modified":"2025-05-28T01:20:56","modified_gmt":"2025-05-27T23:20:56","slug":"wahlen","status":"publish","type":"page","link":"https:\/\/lhg-giessen.de\/?page_id=128","title":{"rendered":"Hochschulwahlen"},"content":{"rendered":"\n<p>Die Hochschulwahlen 2025 an der Justus-Liebig-Universit\u00e4t finden vom 10. Juni bis 30. Juni statt. Sowohl Brief- als auch Onlinewahl sind m\u00f6glich.<br>Die LHG Gie\u00dfen tritt sowohl f\u00fcr das StuPa als auch f\u00fcr den Senat mit einer eigenen Liste an.<\/p>\n\n\n\n<div class=\"wp-block-buttons is-layout-flex wp-block-buttons-is-layout-flex\">\n<div class=\"wp-block-button is-style-fill\"><a class=\"wp-block-button__link has-white-color has-text-color has-background wp-element-button\" href=\"https:\/\/lhg-giessen.de\/?page_id=363\" style=\"background:linear-gradient(135deg,rgb(229,0,125) 0%,rgb(82,0,45) 100%)\">unser Wahlprogramm<\/a><\/div>\n\n\n\n<div class=\"wp-block-button is-style-outline is-style-outline--1\"><a class=\"wp-block-button__link has-white-color has-text-color has-background wp-element-button\" href=\"http:\/\/wahl.uni-giessen.de\" style=\"background:linear-gradient(135deg,rgb(0,158,227) 0%,rgb(0,56,82) 100%)\">Direkt zur Wahl<\/a><\/div>\n<\/div>\n\n\n\n<h2 class=\"wp-block-heading has-black-color has-text-color\">Unsere Liste<\/h2>\n\n\n\n<ol class=\"wp-block-list\">\n<li>Ilija Scherer (FB 07)<\/li>\n\n\n\n<li>Leon Hebeisen (FB 07)<\/li>\n\n\n\n<li>Nicolas Mondoloni (FB 03)<\/li>\n\n\n\n<li>Markus Heffler (FB 02)<\/li>\n\n\n\n<li>Jerome Hahn (FB 02)<\/li>\n\n\n\n<li>Alexander Bonk (FB 04)<\/li>\n\n\n\n<li>Luca Sesterhenn (FB 01)<\/li>\n\n\n\n<li>Jan-Lukas Gescher (FB 03)<\/li>\n<\/ol>\n\n\n\n<p>F\u00fcr den Senat tritt au\u00dferdem Maximilian Winter (FB 01) auf Listenplatz 3 an. F\u00fcr den Senat verschieben sich dementsprechend die Listenpl\u00e4tze ab 3 um einen Platz nach hinten.<\/p>\n","protected":false},"excerpt":{"rendered":"<p>Die Hochschulwahlen 2025 an der Justus-Liebig-Universit\u00e4t finden vom 10. Juni bis 30. Juni statt. Sowohl Brief- als auch Onlinewahl sind m\u00f6glich.Die LHG Gie\u00dfen tritt sowohl f\u00fcr das StuPa als auch f\u00fcr den Senat mit einer eigenen Liste an. Unsere Liste F\u00fcr den Senat tritt au\u00dferdem Maximilian Winter (FB 01) auf Listenplatz 3 an. F\u00fcr den [&hellip;]<\/p>\n","protected":false},"author":1,"featured_media":0,"parent":0,"menu_order":4,"comment_status":"open","ping_status":"open","template":"","meta":{"footnotes":""},"class_list":["post-128","page","type-page","status-publish","hentry"],"_links":{"self":[{"href":"https:\/\/lhg-giessen.de\/index.php?rest_route=\/wp\/v2\/pages\/128","targetHints":{"allow":["GET"]}}],"collection":[{"href":"https:\/\/lhg-giessen.de\/index.php?rest_route=\/wp\/v2\/pages"}],"about":[{"href":"https:\/\/lhg-giessen.de\/index.php?rest_route=\/wp\/v2\/types\/page"}],"author":[{"embeddable":true,"href":"https:\/\/lhg-giessen.de\/index.php?rest_route=\/wp\/v2\/users\/1"}],"replies":[{"embeddable":true,"href":"https:\/\/lhg-giessen.de\/index.php?rest_route=%2Fwp%2Fv2%2Fcomments&post=128"}],"version-history":[{"count":4,"href":"https:\/\/lhg-giessen.de\/index.php?rest_route=\/wp\/v2\/pages\/128\/revisions"}],"predecessor-version":[{"id":637,"href":"https:\/\/lhg-giessen.de\/index.php?rest_route=\/wp\/v2\/pages\/128\/revisions\/637"}],"wp:attachment":[{"href":"https:\/\/lhg-giessen.de\/index.php?rest_route=%2Fwp%2Fv2%2Fmedia&parent=128"}],"curies":[{"name":"wp","href":"https:\/\/api.w.org\/{rel}","templated":true}]}}